{"id":28924,"date":"2022-11-10T13:47:55","date_gmt":"2022-11-10T19:47:55","guid":{"rendered":"https:\/\/puravan.com\/?page_id=28924"},"modified":"2023-11-02T14:50:25","modified_gmt":"2023-11-02T20:50:25","slug":"preguntas-frecuentes","status":"publish","type":"page","link":"https:\/\/puravan.com\/es\/preguntas-frecuentes\/","title":{"rendered":"Preguntas Frecuentes"},"content":{"rendered":"[vc_row type=\u00bbfull_width_background\u00bb full_screen_row_position=\u00bbmiddle\u00bb bg_image=\u00bb16263&#8243; bg_position=\u00bbcenter center\u00bb bg_repeat=\u00bbno-repeat\u00bb bg_color=\u00bb#ffffff\u00bb scene_position=\u00bbtop\u00bb text_color=\u00bblight\u00bb text_align=\u00bbcenter\u00bb top_padding=\u00bb200&#8243; bottom_padding=\u00bb200&#8243; enable_gradient=\u00bbtrue\u00bb color_overlay=\u00bb#7fb036&#8243; color_overlay_2=\u00bb#ace246&#8243; gradient_direction=\u00bbtop_to_bottom\u00bb overlay_strength=\u00bb0.8&#8243; enable_shape_divider=\u00bbtrue\u00bb shape_divider_color=\u00bb#f9f9f9&#8243; shape_divider_position=\u00bbbottom\u00bb shape_divider_height=\u00bb65&#8243; shape_divider_bring_to_front=\u00bbtrue\u00bb shape_type=\u00bbcurve_opacity\u00bb][vc_column enable_animation=\u00bbtrue\u00bb animation=\u00bbnone\u00bb centered_text=\u00bbtrue\u00bb column_padding=\u00bbno-extra-padding\u00bb column_padding_position=\u00bball\u00bb background_color_opacity=\u00bb1&#8243; background_hover_color_opacity=\u00bb1&#8243; column_shadow=\u00bbnone\u00bb column_border_radius=\u00bbnone\u00bb width=\u00bb1\/1&#8243; tablet_text_alignment=\u00bbdefault\u00bb phone_text_alignment=\u00bbdefault\u00bb column_border_width=\u00bbnone\u00bb column_border_style=\u00bbsolid\u00bb][vc_column_text]\n<h1>Preguntas Frecuentes<\/h1>\n[\/vc_column_text]<div class=\"divider-wrap\"><div style=\"margin-top: 17px; width: 65px; height: 4px; margin-bottom: 17px;\" data-width=\"65\" data-animate=\"\" data-animation-delay=\"\" data-color=\"default\" class=\"divider-small-border\"><\/div><\/div>[\/vc_column][\/vc_row][vc_row type=\u00bbfull_width_background\u00bb full_screen_row_position=\u00bbmiddle\u00bb equal_height=\u00bbyes\u00bb content_placement=\u00bbmiddle\u00bb scene_position=\u00bbcenter\u00bb text_color=\u00bbdark\u00bb text_align=\u00bbcenter\u00bb overlay_strength=\u00bb0.3&#8243; shape_divider_position=\u00bbbottom\u00bb shape_type=\u00bb\u00bb][vc_column column_padding=\u00bbpadding-5-percent\u00bb column_padding_position=\u00bball\u00bb background_color_opacity=\u00bb1&#8243; background_hover_color_opacity=\u00bb1&#8243; column_shadow=\u00bbnone\u00bb column_border_radius=\u00bbnone\u00bb width=\u00bb1\/1&#8243; tablet_text_alignment=\u00bbdefault\u00bb phone_text_alignment=\u00bbdefault\u00bb column_border_width=\u00bbnone\u00bb column_border_style=\u00bbsolid\u00bb]<div class=\"divider-wrap\"><div style=\"height: 40px;\" class=\"divider\"><\/div><\/div><div class=\"toggles \" data-style=\"default\"><div class=\"toggle default\"><h3><a href=\"#\"><i class=\"icon-plus-sign\"><\/i>\u00bfLas tarifas incluyen los seguros?<\/a><\/h3><div>[vc_column_text]Si, nuestras tarifas incluyen los dos seguros obligatorios (contra accidentes y da\u00f1os a terceros)[\/vc_column_text][vc_column_text][\/vc_column_text]<\/div><\/div><div class=\"toggle default\"><h3><a href=\"#\"><i class=\"icon-plus-sign\"><\/i>\u00bfRequieren de alg\u00fan dep\u00f3sito de Garant\u00eda?<\/a><\/h3><div>[vc_column_text]Si, solicitamos $1200 de dep\u00f3sito de Garant\u00eda, que es la misma cantidad del deducible.[\/vc_column_text][vc_column_text][\/vc_column_text]<\/div><\/div><div class=\"toggle default\"><h3><a href=\"#\"><i class=\"icon-plus-sign\"><\/i>\u00bfOfrecen seguro completo?<\/a><\/h3><div>[vc_column_text]No, nosotros no trabajamos con seguro completo para el veh\u00edculo. Lo que tenemos es un seguro completo para el equipo especial de camping.[\/vc_column_text][vc_column_text][\/vc_column_text]<\/div><\/div><div class=\"toggle default\"><h3><a href=\"#\"><i class=\"icon-plus-sign\"><\/i>\u00bfOfrecen descuentos especiales para reservas de larga estad\u00eda?<\/a><\/h3><div>[vc_column_text]Ofrecemos. Descuentos especiales para reservas de 20 d\u00edas o m\u00e1s.[\/vc_column_text][vc_column_text][\/vc_column_text]<\/div><\/div><div class=\"toggle default\"><h3><a href=\"#\"><i class=\"icon-plus-sign\"><\/i>\u00bfDonde se hace la entrega y se recogen las Pura Vans?<\/a><\/h3><div>[vc_column_text]En nuestras oficinas ubicadas a 15 minutos del aeropuerto internacional Juan Santamaria.[\/vc_column_text][vc_column_text][\/vc_column_text]<\/div><\/div><div class=\"toggle default\"><h3><a href=\"#\"><i class=\"icon-plus-sign\"><\/i>\u00bfOfrecen entrega y recogen en otras locaciones?<\/a><\/h3><div>[vc_column_text]\u00a1Si, claro! Solo que incurre en un costo adicional.[\/vc_column_text][vc_column_text][\/vc_column_text]<\/div><\/div><div class=\"toggle default\"><h3><a href=\"#\"><i class=\"icon-plus-sign\"><\/i>\u00bfOfrecen entrega y recogida en el aeropuerto Internacional Juan Santamaria?<\/a><\/h3><div>[vc_column_text]Lo que nosotros hacemos es recogerlos en el aeropuerto y llevarlos a nuestras oficinas para que recojan la Van, ya que debemos de explicarles todo el equipo camping. Una vez terminada la aventura los llevamos al aeropuerto.[\/vc_column_text][vc_column_text][\/vc_column_text]<\/div><\/div><div class=\"toggle default\"><h3><a href=\"#\"><i class=\"icon-plus-sign\"><\/i>\u00bfA qu\u00e9 hora se puede recoger y entregar la Pura Van?<\/a><\/h3><div>[vc_column_text]Se puede recoger a cualquier hora despu\u00e9s de las 9am, y se debe de entregar no m\u00e1s tarde de las 4pm.[\/vc_column_text][vc_column_text][\/vc_column_text]<\/div><\/div><div class=\"toggle default\"><h3><a href=\"#\"><i class=\"icon-plus-sign\"><\/i>\u00bfEn qu\u00e9 moneda est\u00e1n las tarifas?<\/a><\/h3><div>[vc_column_text]En d\u00f3lares americanos.[\/vc_column_text][vc_column_text][\/vc_column_text]<\/div><\/div><div class=\"toggle default\"><h3><a href=\"#\"><i class=\"icon-plus-sign\"><\/i>\u00bfPodemos acampar en cualquiera parte de Costa Rica?<\/a><\/h3><div>[vc_column_text]Costa Rica tiene m\u00e1s de 200 zonas de camping formales; y nosotros al ser una compa\u00f1\u00eda formal son las que nosotros recomendamos.[\/vc_column_text][vc_column_text][\/vc_column_text]<\/div><\/div><div class=\"toggle default\"><h3><a href=\"#\"><i class=\"icon-plus-sign\"><\/i>\u00bfLas Vans cuentan con bater\u00eda adicional?<\/a><\/h3><div>[vc_column_text]No. Para cargar electr\u00f3nicos o luces llevan un inversor, adem\u00e1s pueden cargar en las \u00e1reas de camping.[\/vc_column_text][vc_column_text][\/vc_column_text]<\/div><\/div><div class=\"toggle default\"><h3><a href=\"#\"><i class=\"icon-plus-sign\"><\/i>\u00bfPara cu\u00e1ntas personas es la tienda de techo?<\/a><\/h3><div>[vc_column_text]Nuestras tiendas son a\u00fan m\u00e1s grandes que una cama king, por lo que son lo suficientemente grandes para 4 adultos. Adem\u00e1s, poseen un anexo donde se puede colocar un colch\u00f3n inflable para 2 personas (anexo sujeto a solicitud previa).[\/vc_column_text][vc_column_text][\/vc_column_text]<\/div><\/div><div class=\"toggle default\"><h3><a href=\"#\"><i class=\"icon-plus-sign\"><\/i>\u00bfEl paquete de dormir incluye un \u00edtem para cada persona?<\/a><\/h3><div>[vc_column_text]\u00a1As\u00ed es![\/vc_column_text][vc_column_text][\/vc_column_text]<\/div><\/div><div class=\"toggle default\"><h3><a href=\"#\"><i class=\"icon-plus-sign\"><\/i>\u00bfLa tienda de techo est\u00e1 incluida con la tarifa? <\/a><\/h3><div>[vc_column_text]\u00a1As\u00ed es![\/vc_column_text][vc_column_text][\/vc_column_text]<\/div><\/div><div class=\"toggle default\"><h3><a href=\"#\"><i class=\"icon-plus-sign\"><\/i>\u00bfLa tienda de techo tiene colch\u00f3n?<\/a><\/h3><div>[vc_column_text]\u00a1As\u00ed es![\/vc_column_text][vc_column_text][\/vc_column_text]<\/div><\/div><\/div><div class=\"divider-wrap\"><div style=\"height: 60px;\" class=\"divider\"><\/div><\/div>[\/vc_column][\/vc_row][vc_row type=\u00bbfull_width_background\u00bb full_screen_row_position=\u00bbmiddle\u00bb equal_height=\u00bbyes\u00bb content_placement=\u00bbmiddle\u00bb bg_image=\u00bb6374&#8243; bg_position=\u00bbcenter center\u00bb bg_repeat=\u00bbno-repeat\u00bb parallax_bg=\u00bbtrue\u00bb parallax_bg_speed=\u00bbslow\u00bb scene_position=\u00bbcenter\u00bb text_color=\u00bblight\u00bb text_align=\u00bbcenter\u00bb top_padding=\u00bb45&#8243; bottom_padding=\u00bb45&#8243; color_overlay=\u00bb#7fb036&#8243; overlay_strength=\u00bb0.95&#8243; shape_divider_position=\u00bbbottom\u00bb shape_type=\u00bb\u00bb][vc_column column_padding=\u00bbno-extra-padding\u00bb column_padding_position=\u00bball\u00bb background_color_opacity=\u00bb1&#8243; background_hover_color_opacity=\u00bb1&#8243; column_shadow=\u00bbnone\u00bb column_border_radius=\u00bbnone\u00bb width=\u00bb1\/1&#8243; tablet_text_alignment=\u00bbdefault\u00bb phone_text_alignment=\u00bbdefault\u00bb column_border_width=\u00bbnone\u00bb column_border_style=\u00bbsolid\u00bb][vc_column_text]\n<h3>\u00bfEst\u00e1s listo para conducir tu aventura?<\/h3>\n[\/vc_column_text]<div class=\"divider-wrap\"><div style=\"height: 30px;\" class=\"divider\"><\/div><\/div>[nectar_btn size=\u00bblarge\u00bb button_style=\u00bbsee-through-2&#8243; color_override=\u00bb#ffffff\u00bb hover_color_override=\u00bb#7fb036&#8243; hover_text_color_override=\u00bb#ffffff\u00bb icon_family=\u00bbnone\u00bb url=\u00bbhttps:\/\/puravan.com\/es\/nuestras-vans\/\u00bb text=\u00bbReserv\u00e1 Ahora\u00bb][\/vc_column][\/vc_row]\n","protected":false},"excerpt":{"rendered":"<p>[vc_row type=\u00bbfull_width_background\u00bb full_screen_row_position=\u00bbmiddle\u00bb bg_image=\u00bb16263&#8243; bg_position=\u00bbcenter center\u00bb bg_repeat=\u00bbno-repeat\u00bb bg_color=\u00bb#ffffff\u00bb scene_position=\u00bbtop\u00bb text_color=\u00bblight\u00bb text_align=\u00bbcenter\u00bb top_padding=\u00bb200&#8243; bottom_padding=\u00bb200&#8243; enable_gradient=\u00bbtrue\u00bb color_overlay=\u00bb#7fb036&#8243; color_overlay_2=\u00bb#ace246&#8243; gradient_direction=\u00bbtop_to_bottom\u00bb overlay_strength=\u00bb0.8&#8243; enable_shape_divider=\u00bbtrue\u00bb shape_divider_color=\u00bb#f9f9f9&#8243; shape_divider_position=\u00bbbottom\u00bb shape_divider_height=\u00bb65&#8243; shape_divider_bring_to_front=\u00bbtrue\u00bb shape_type=\u00bbcurve_opacity\u00bb][vc_column enable_animation=\u00bbtrue\u00bb animation=\u00bbnone\u00bb centered_text=\u00bbtrue\u00bb column_padding=\u00bbno-extra-padding\u00bb column_padding_position=\u00bball\u00bb background_color_opacity=\u00bb1&#8243;&#8230;<\/p>\n","protected":false},"author":63,"featured_media":0,"parent":0,"menu_order":0,"comment_status":"closed","ping_status":"closed","template":"","meta":{"_acf_changed":false,"footnotes":""},"class_list":["post-28924","page","type-page","status-publish","hentry"],"acf":[],"yoast_head":"<!-- This site is optimized with the Yoast SEO plugin v24.6 - https:\/\/yoast.com\/wordpress\/plugins\/seo\/ -->\n<title>Preguntas Frecuentes - Pura Van Costa Rica<\/title>\n<meta name=\"robots\" content=\"index, follow, max-snippet:-1, max-image-preview:large, max-video-preview:-1\" \/>\n<link rel=\"canonical\" href=\"https:\/\/puravan.com\/es\/preguntas-frecuentes\/\" \/>\n<meta property=\"og:locale\" content=\"es_ES\" \/>\n<meta property=\"og:type\" content=\"article\" \/>\n<meta property=\"og:title\" content=\"Preguntas Frecuentes - Pura Van Costa Rica\" \/>\n<meta property=\"og:description\" content=\"[vc_row type=\u00bbfull_width_background\u00bb full_screen_row_position=\u00bbmiddle\u00bb bg_image=\u00bb16263&#8243; bg_position=\u00bbcenter center\u00bb bg_repeat=\u00bbno-repeat\u00bb bg_color=\u00bb#ffffff\u00bb scene_position=\u00bbtop\u00bb text_color=\u00bblight\u00bb text_align=\u00bbcenter\u00bb top_padding=\u00bb200&#8243; bottom_padding=\u00bb200&#8243; enable_gradient=\u00bbtrue\u00bb color_overlay=\u00bb#7fb036&#8243; color_overlay_2=\u00bb#ace246&#8243; gradient_direction=\u00bbtop_to_bottom\u00bb overlay_strength=\u00bb0.8&#8243; enable_shape_divider=\u00bbtrue\u00bb shape_divider_color=\u00bb#f9f9f9&#8243; shape_divider_position=\u00bbbottom\u00bb shape_divider_height=\u00bb65&#8243; shape_divider_bring_to_front=\u00bbtrue\u00bb shape_type=\u00bbcurve_opacity\u00bb][vc_column enable_animation=\u00bbtrue\u00bb animation=\u00bbnone\u00bb centered_text=\u00bbtrue\u00bb column_padding=\u00bbno-extra-padding\u00bb column_padding_position=\u00bball\u00bb background_color_opacity=\u00bb1&#8243;...\" \/>\n<meta property=\"og:url\" content=\"https:\/\/puravan.com\/es\/preguntas-frecuentes\/\" \/>\n<meta property=\"og:site_name\" content=\"Pura Van Costa Rica\" \/>\n<meta property=\"article:publisher\" content=\"https:\/\/www.facebook.com\/puravancr\/\" \/>\n<meta property=\"article:modified_time\" content=\"2023-11-02T20:50:25+00:00\" \/>\n<meta name=\"twitter:card\" content=\"summary_large_image\" \/>\n<meta name=\"twitter:label1\" content=\"Tiempo de lectura\" \/>\n\t<meta name=\"twitter:data1\" content=\"3 minutos\" \/>\n<script type=\"application\/ld+json\" class=\"yoast-schema-graph\">{\"@context\":\"https:\/\/schema.org\",\"@graph\":[{\"@type\":\"WebPage\",\"@id\":\"https:\/\/puravan.com\/es\/preguntas-frecuentes\/\",\"url\":\"https:\/\/puravan.com\/es\/preguntas-frecuentes\/\",\"name\":\"Preguntas Frecuentes - Pura Van Costa Rica\",\"isPartOf\":{\"@id\":\"https:\/\/puravan.com\/es\/#website\"},\"datePublished\":\"2022-11-10T19:47:55+00:00\",\"dateModified\":\"2023-11-02T20:50:25+00:00\",\"breadcrumb\":{\"@id\":\"https:\/\/puravan.com\/es\/preguntas-frecuentes\/#breadcrumb\"},\"inLanguage\":\"es\",\"potentialAction\":[{\"@type\":\"ReadAction\",\"target\":[\"https:\/\/puravan.com\/es\/preguntas-frecuentes\/\"]}]},{\"@type\":\"BreadcrumbList\",\"@id\":\"https:\/\/puravan.com\/es\/preguntas-frecuentes\/#breadcrumb\",\"itemListElement\":[{\"@type\":\"ListItem\",\"position\":1,\"name\":\"Home\",\"item\":\"https:\/\/puravan.com\/es\/\"},{\"@type\":\"ListItem\",\"position\":2,\"name\":\"Preguntas Frecuentes\"}]},{\"@type\":\"WebSite\",\"@id\":\"https:\/\/puravan.com\/es\/#website\",\"url\":\"https:\/\/puravan.com\/es\/\",\"name\":\"Pura Van Costa Rica\",\"description\":\"Drive Your Adventure\",\"publisher\":{\"@id\":\"https:\/\/puravan.com\/es\/#organization\"},\"potentialAction\":[{\"@type\":\"SearchAction\",\"target\":{\"@type\":\"EntryPoint\",\"urlTemplate\":\"https:\/\/puravan.com\/es\/?s={search_term_string}\"},\"query-input\":{\"@type\":\"PropertyValueSpecification\",\"valueRequired\":true,\"valueName\":\"search_term_string\"}}],\"inLanguage\":\"es\"},{\"@type\":\"Organization\",\"@id\":\"https:\/\/puravan.com\/es\/#organization\",\"name\":\"Pura Van Costa Rica\",\"url\":\"https:\/\/puravan.com\/es\/\",\"logo\":{\"@type\":\"ImageObject\",\"inLanguage\":\"es\",\"@id\":\"https:\/\/puravan.com\/es\/#\/schema\/logo\/image\/\",\"url\":\"https:\/\/puravan.com\/wp-content\/uploads\/2017\/12\/Asset-1.png\",\"contentUrl\":\"https:\/\/puravan.com\/wp-content\/uploads\/2017\/12\/Asset-1.png\",\"width\":1082,\"height\":606,\"caption\":\"Pura Van Costa Rica\"},\"image\":{\"@id\":\"https:\/\/puravan.com\/es\/#\/schema\/logo\/image\/\"},\"sameAs\":[\"https:\/\/www.facebook.com\/puravancr\/\",\"https:\/\/www.instagram.com\/puravancr\"]}]}<\/script>\n<!-- \/ Yoast SEO plugin. -->","yoast_head_json":{"title":"Preguntas Frecuentes - Pura Van Costa Rica","robots":{"index":"index","follow":"follow","max-snippet":"max-snippet:-1","max-image-preview":"max-image-preview:large","max-video-preview":"max-video-preview:-1"},"canonical":"https:\/\/puravan.com\/es\/preguntas-frecuentes\/","og_locale":"es_ES","og_type":"article","og_title":"Preguntas Frecuentes - Pura Van Costa Rica","og_description":"[vc_row type=\u00bbfull_width_background\u00bb full_screen_row_position=\u00bbmiddle\u00bb bg_image=\u00bb16263&#8243; bg_position=\u00bbcenter center\u00bb bg_repeat=\u00bbno-repeat\u00bb bg_color=\u00bb#ffffff\u00bb scene_position=\u00bbtop\u00bb text_color=\u00bblight\u00bb text_align=\u00bbcenter\u00bb top_padding=\u00bb200&#8243; bottom_padding=\u00bb200&#8243; enable_gradient=\u00bbtrue\u00bb color_overlay=\u00bb#7fb036&#8243; color_overlay_2=\u00bb#ace246&#8243; gradient_direction=\u00bbtop_to_bottom\u00bb overlay_strength=\u00bb0.8&#8243; enable_shape_divider=\u00bbtrue\u00bb shape_divider_color=\u00bb#f9f9f9&#8243; shape_divider_position=\u00bbbottom\u00bb shape_divider_height=\u00bb65&#8243; shape_divider_bring_to_front=\u00bbtrue\u00bb shape_type=\u00bbcurve_opacity\u00bb][vc_column enable_animation=\u00bbtrue\u00bb animation=\u00bbnone\u00bb centered_text=\u00bbtrue\u00bb column_padding=\u00bbno-extra-padding\u00bb column_padding_position=\u00bball\u00bb background_color_opacity=\u00bb1&#8243;...","og_url":"https:\/\/puravan.com\/es\/preguntas-frecuentes\/","og_site_name":"Pura Van Costa Rica","article_publisher":"https:\/\/www.facebook.com\/puravancr\/","article_modified_time":"2023-11-02T20:50:25+00:00","twitter_card":"summary_large_image","twitter_misc":{"Tiempo de lectura":"3 minutos"},"schema":{"@context":"https:\/\/schema.org","@graph":[{"@type":"WebPage","@id":"https:\/\/puravan.com\/es\/preguntas-frecuentes\/","url":"https:\/\/puravan.com\/es\/preguntas-frecuentes\/","name":"Preguntas Frecuentes - Pura Van Costa Rica","isPartOf":{"@id":"https:\/\/puravan.com\/es\/#website"},"datePublished":"2022-11-10T19:47:55+00:00","dateModified":"2023-11-02T20:50:25+00:00","breadcrumb":{"@id":"https:\/\/puravan.com\/es\/preguntas-frecuentes\/#breadcrumb"},"inLanguage":"es","potentialAction":[{"@type":"ReadAction","target":["https:\/\/puravan.com\/es\/preguntas-frecuentes\/"]}]},{"@type":"BreadcrumbList","@id":"https:\/\/puravan.com\/es\/preguntas-frecuentes\/#breadcrumb","itemListElement":[{"@type":"ListItem","position":1,"name":"Home","item":"https:\/\/puravan.com\/es\/"},{"@type":"ListItem","position":2,"name":"Preguntas Frecuentes"}]},{"@type":"WebSite","@id":"https:\/\/puravan.com\/es\/#website","url":"https:\/\/puravan.com\/es\/","name":"Pura Van Costa Rica","description":"Drive Your Adventure","publisher":{"@id":"https:\/\/puravan.com\/es\/#organization"},"potentialAction":[{"@type":"SearchAction","target":{"@type":"EntryPoint","urlTemplate":"https:\/\/puravan.com\/es\/?s={search_term_string}"},"query-input":{"@type":"PropertyValueSpecification","valueRequired":true,"valueName":"search_term_string"}}],"inLanguage":"es"},{"@type":"Organization","@id":"https:\/\/puravan.com\/es\/#organization","name":"Pura Van Costa Rica","url":"https:\/\/puravan.com\/es\/","logo":{"@type":"ImageObject","inLanguage":"es","@id":"https:\/\/puravan.com\/es\/#\/schema\/logo\/image\/","url":"https:\/\/puravan.com\/wp-content\/uploads\/2017\/12\/Asset-1.png","contentUrl":"https:\/\/puravan.com\/wp-content\/uploads\/2017\/12\/Asset-1.png","width":1082,"height":606,"caption":"Pura Van Costa Rica"},"image":{"@id":"https:\/\/puravan.com\/es\/#\/schema\/logo\/image\/"},"sameAs":["https:\/\/www.facebook.com\/puravancr\/","https:\/\/www.instagram.com\/puravancr"]}]}},"_links":{"self":[{"href":"https:\/\/puravan.com\/es\/wp-json\/wp\/v2\/pages\/28924","targetHints":{"allow":["GET"]}}],"collection":[{"href":"https:\/\/puravan.com\/es\/wp-json\/wp\/v2\/pages"}],"about":[{"href":"https:\/\/puravan.com\/es\/wp-json\/wp\/v2\/types\/page"}],"author":[{"embeddable":true,"href":"https:\/\/puravan.com\/es\/wp-json\/wp\/v2\/users\/63"}],"replies":[{"embeddable":true,"href":"https:\/\/puravan.com\/es\/wp-json\/wp\/v2\/comments?post=28924"}],"version-history":[{"count":6,"href":"https:\/\/puravan.com\/es\/wp-json\/wp\/v2\/pages\/28924\/revisions"}],"predecessor-version":[{"id":35229,"href":"https:\/\/puravan.com\/es\/wp-json\/wp\/v2\/pages\/28924\/revisions\/35229"}],"wp:attachment":[{"href":"https:\/\/puravan.com\/es\/wp-json\/wp\/v2\/media?parent=28924"}],"curies":[{"name":"wp","href":"https:\/\/api.w.org\/{rel}","templated":true}]}}