{"id":34191,"date":"2023-08-18T09:55:19","date_gmt":"2023-08-18T15:55:19","guid":{"rendered":"https:\/\/puravan.com\/how-to-apply-the-15-discount-in-4-steps\/"},"modified":"2023-08-18T10:14:36","modified_gmt":"2023-08-18T16:14:36","slug":"como-aplicar-el-15-de-descuento-en-4-pasos","status":"publish","type":"page","link":"https:\/\/puravan.com\/es\/como-aplicar-el-15-de-descuento-en-4-pasos\/","title":{"rendered":"Como Aplicar el 15% de descuento en 4 pasos"},"content":{"rendered":"[vc_row type=\u00bbfull_width_background\u00bb full_screen_row_position=\u00bbmiddle\u00bb bg_image=\u00bb16263&#8243; bg_position=\u00bbcenter center\u00bb bg_repeat=\u00bbno-repeat\u00bb bg_color=\u00bb#ffffff\u00bb scene_position=\u00bbtop\u00bb text_color=\u00bblight\u00bb text_align=\u00bbcenter\u00bb top_padding=\u00bb200&#8243; bottom_padding=\u00bb200&#8243; enable_gradient=\u00bbtrue\u00bb color_overlay=\u00bb#7fb036&#8243; color_overlay_2=\u00bb#ace246&#8243; gradient_direction=\u00bbtop_to_bottom\u00bb overlay_strength=\u00bb0.8&#8243; enable_shape_divider=\u00bbtrue\u00bb shape_divider_color=\u00bb#f9f9f9&#8243; shape_divider_position=\u00bbbottom\u00bb shape_divider_height=\u00bb65&#8243; shape_divider_bring_to_front=\u00bbtrue\u00bb shape_type=\u00bbcurve_opacity\u00bb][vc_column enable_animation=\u00bbtrue\u00bb animation=\u00bbnone\u00bb centered_text=\u00bbtrue\u00bb column_padding=\u00bbno-extra-padding\u00bb column_padding_position=\u00bball\u00bb background_color_opacity=\u00bb1&#8243; background_hover_color_opacity=\u00bb1&#8243; column_shadow=\u00bbnone\u00bb column_border_radius=\u00bbnone\u00bb width=\u00bb1\/1&#8243; tablet_text_alignment=\u00bbdefault\u00bb phone_text_alignment=\u00bbdefault\u00bb column_border_width=\u00bbnone\u00bb column_border_style=\u00bbsolid\u00bb][vc_column_text]\n<h1>Como Aplicar el 15% de descuento en 4 pasos:<\/h1>\n[\/vc_column_text]<div class=\"divider-wrap\"><div style=\"margin-top: 17px; width: 65px; height: 4px; margin-bottom: 17px;\" data-width=\"65\" data-animate=\"\" data-animation-delay=\"\" data-color=\"default\" class=\"divider-small-border\"><\/div><\/div>[\/vc_column][\/vc_row][vc_row type=\u00bbfull_width_background\u00bb full_screen_row_position=\u00bbmiddle\u00bb equal_height=\u00bbyes\u00bb content_placement=\u00bbmiddle\u00bb scene_position=\u00bbcenter\u00bb text_color=\u00bbdark\u00bb text_align=\u00bbleft\u00bb overlay_strength=\u00bb0.3&#8243; shape_divider_position=\u00bbbottom\u00bb shape_type=\u00bb\u00bb][vc_column column_padding=\u00bbpadding-5-percent\u00bb column_padding_position=\u00bball\u00bb background_color_opacity=\u00bb1&#8243; background_hover_color_opacity=\u00bb1&#8243; column_shadow=\u00bbnone\u00bb column_border_radius=\u00bbnone\u00bb width=\u00bb1\/1&#8243; tablet_text_alignment=\u00bbdefault\u00bb phone_text_alignment=\u00bbdefault\u00bb column_border_width=\u00bbnone\u00bb column_border_style=\u00bbsolid\u00bb]<div class=\"divider-wrap\"><div style=\"height: 40px;\" class=\"divider\"><\/div><\/div>[nectar_icon_list color=\u00bbdefault\u00bb icon_size=\u00bbsmall\u00bb icon_style=\u00bbborder\u00bb][nectar_icon_list_item icon_type=\u00bbnumerical\u00bb title=\u00bbList Item\u00bb id=\u00bb1692374296-1-73&#8243; tab_id=\u00bb1692374338436-2&#8243; header=\u00bbEscoges la Van de tu preferencia.\u00bb] [\/nectar_icon_list_item][nectar_icon_list_item icon_type=\u00bbnumerical\u00bb title=\u00bbList Item\u00bb id=\u00bb1692374296-2-43&#8243; tab_id=\u00bb1692374338445-0&#8243; header=\u00bbHaces la reserva normal.\u00bb] [\/nectar_icon_list_item][nectar_icon_list_item icon_type=\u00bbnumerical\u00bb title=\u00bbList Item\u00bb id=\u00bb1692374432785-0-1&#8243; tab_id=\u00bb1692374432787-1&#8243; header=\u00bbPagas el dep\u00f3sito solicitado.\u00bb][\/nectar_icon_list_item][nectar_icon_list_item icon_type=\u00bbnumerical\u00bb title=\u00bbList Item\u00bb id=\u00bb1692374453012-0-2&#8243; tab_id=\u00bb1692374453014-9&#8243; header=\u00bbEl d\u00eda del check in te hacemos el descuento del 15% sobre el monto total de su reserva, le restamos el dep\u00f3sito y pagas el balance.\u00bb][\/nectar_icon_list_item][\/nectar_icon_list]<div class=\"divider-wrap\"><div style=\"height: 60px;\" class=\"divider\"><\/div><\/div>[vc_column_text]<strong>Importante<\/strong><\/p>\n<p>15% de descuento aplica:<\/p>\n<ul>\n<li>\u00danicamente sobre la Tarifa diaria, no adicionales.<\/li>\n<li>V\u00e1lido solo para los meses de <b>Sep, Oct y Nov<\/b>.<\/li>\n<li>V\u00e1lido para reservaciones de 10 d\u00edas o m\u00e1s.<\/li>\n<\/ul>\n<p>Cualquier pregunta nos puedes contactar por <a href=\"https:\/\/wa.me\/50661694748\">WhatsApp<\/a><\/p>\n<p>Pura Vida!! [\/vc_column_text][\/vc_column][\/vc_row][vc_row type=\u00bbfull_width_background\u00bb full_screen_row_position=\u00bbmiddle\u00bb equal_height=\u00bbyes\u00bb content_placement=\u00bbmiddle\u00bb bg_image=\u00bb6374&#8243; bg_position=\u00bbcenter center\u00bb bg_repeat=\u00bbno-repeat\u00bb parallax_bg=\u00bbtrue\u00bb parallax_bg_speed=\u00bbslow\u00bb scene_position=\u00bbcenter\u00bb text_color=\u00bblight\u00bb text_align=\u00bbcenter\u00bb top_padding=\u00bb45&#8243; bottom_padding=\u00bb45&#8243; color_overlay=\u00bb#7fb036&#8243; overlay_strength=\u00bb0.95&#8243; shape_divider_position=\u00bbbottom\u00bb shape_type=\u00bb\u00bb][vc_column column_padding=\u00bbno-extra-padding\u00bb column_padding_position=\u00bball\u00bb background_color_opacity=\u00bb1&#8243; background_hover_color_opacity=\u00bb1&#8243; column_shadow=\u00bbnone\u00bb column_border_radius=\u00bbnone\u00bb width=\u00bb1\/1&#8243; tablet_text_alignment=\u00bbdefault\u00bb phone_text_alignment=\u00bbdefault\u00bb column_border_width=\u00bbnone\u00bb column_border_style=\u00bbsolid\u00bb][vc_column_text]\n<h3>\u00bfEst\u00e1s listo para conducir tu aventura?<\/h3>\n[\/vc_column_text]<div class=\"divider-wrap\"><div style=\"height: 30px;\" class=\"divider\"><\/div><\/div>[nectar_btn size=\u00bblarge\u00bb button_style=\u00bbsee-through-2&#8243; color_override=\u00bb#ffffff\u00bb hover_color_override=\u00bb#7fb036&#8243; hover_text_color_override=\u00bb#ffffff\u00bb icon_family=\u00bbnone\u00bb url=\u00bbhttp:\/\/puravan.com\/our-vans\/\u00bb text=\u00bbReserv\u00e1 Ahora\u00bb][\/vc_column][\/vc_row]\n","protected":false},"excerpt":{"rendered":"<p>[vc_row type=\u00bbfull_width_background\u00bb full_screen_row_position=\u00bbmiddle\u00bb bg_image=\u00bb16263&#8243; bg_position=\u00bbcenter center\u00bb bg_repeat=\u00bbno-repeat\u00bb bg_color=\u00bb#ffffff\u00bb scene_position=\u00bbtop\u00bb text_color=\u00bblight\u00bb text_align=\u00bbcenter\u00bb top_padding=\u00bb200&#8243; bottom_padding=\u00bb200&#8243; enable_gradient=\u00bbtrue\u00bb color_overlay=\u00bb#7fb036&#8243; color_overlay_2=\u00bb#ace246&#8243; gradient_direction=\u00bbtop_to_bottom\u00bb overlay_strength=\u00bb0.8&#8243; enable_shape_divider=\u00bbtrue\u00bb shape_divider_color=\u00bb#f9f9f9&#8243; shape_divider_position=\u00bbbottom\u00bb shape_divider_height=\u00bb65&#8243; shape_divider_bring_to_front=\u00bbtrue\u00bb shape_type=\u00bbcurve_opacity\u00bb][vc_column enable_animation=\u00bbtrue\u00bb animation=\u00bbnone\u00bb centered_text=\u00bbtrue\u00bb column_padding=\u00bbno-extra-padding\u00bb column_padding_position=\u00bball\u00bb background_color_opacity=\u00bb1&#8243;&#8230;<\/p>\n","protected":false},"author":63,"featured_media":0,"parent":0,"menu_order":0,"comment_status":"closed","ping_status":"closed","template":"","meta":{"_acf_changed":false,"footnotes":""},"class_list":["post-34191","page","type-page","status-publish","hentry"],"acf":[],"yoast_head":"<!-- This site is optimized with the Yoast SEO plugin v24.6 - https:\/\/yoast.com\/wordpress\/plugins\/seo\/ -->\n<title>Como Aplicar el 15% de descuento en 4 pasos - Pura Van Costa Rica<\/title>\n<meta name=\"robots\" content=\"index, follow, max-snippet:-1, max-image-preview:large, max-video-preview:-1\" \/>\n<link rel=\"canonical\" href=\"https:\/\/puravan.com\/how-to-apply-the-15-discount-in-4-steps\/\" \/>\n<meta property=\"og:locale\" content=\"es_ES\" \/>\n<meta property=\"og:type\" content=\"article\" \/>\n<meta property=\"og:title\" content=\"Como Aplicar el 15% de descuento en 4 pasos - Pura Van Costa Rica\" \/>\n<meta property=\"og:description\" content=\"[vc_row type=\u00bbfull_width_background\u00bb full_screen_row_position=\u00bbmiddle\u00bb bg_image=\u00bb16263&#8243; bg_position=\u00bbcenter center\u00bb bg_repeat=\u00bbno-repeat\u00bb bg_color=\u00bb#ffffff\u00bb scene_position=\u00bbtop\u00bb text_color=\u00bblight\u00bb text_align=\u00bbcenter\u00bb top_padding=\u00bb200&#8243; bottom_padding=\u00bb200&#8243; enable_gradient=\u00bbtrue\u00bb color_overlay=\u00bb#7fb036&#8243; color_overlay_2=\u00bb#ace246&#8243; gradient_direction=\u00bbtop_to_bottom\u00bb overlay_strength=\u00bb0.8&#8243; enable_shape_divider=\u00bbtrue\u00bb shape_divider_color=\u00bb#f9f9f9&#8243; shape_divider_position=\u00bbbottom\u00bb shape_divider_height=\u00bb65&#8243; shape_divider_bring_to_front=\u00bbtrue\u00bb shape_type=\u00bbcurve_opacity\u00bb][vc_column enable_animation=\u00bbtrue\u00bb animation=\u00bbnone\u00bb centered_text=\u00bbtrue\u00bb column_padding=\u00bbno-extra-padding\u00bb column_padding_position=\u00bball\u00bb background_color_opacity=\u00bb1&#8243;...\" \/>\n<meta property=\"og:url\" content=\"https:\/\/puravan.com\/how-to-apply-the-15-discount-in-4-steps\/\" \/>\n<meta property=\"og:site_name\" content=\"Pura Van Costa Rica\" \/>\n<meta property=\"article:publisher\" content=\"https:\/\/www.facebook.com\/puravancr\/\" \/>\n<meta property=\"article:modified_time\" content=\"2023-08-18T16:14:36+00:00\" \/>\n<meta name=\"twitter:card\" content=\"summary_large_image\" \/>\n<meta name=\"twitter:label1\" content=\"Tiempo de lectura\" \/>\n\t<meta name=\"twitter:data1\" content=\"2 minutos\" \/>\n<script type=\"application\/ld+json\" class=\"yoast-schema-graph\">{\"@context\":\"https:\/\/schema.org\",\"@graph\":[{\"@type\":\"WebPage\",\"@id\":\"https:\/\/puravan.com\/how-to-apply-the-15-discount-in-4-steps\/\",\"url\":\"https:\/\/puravan.com\/how-to-apply-the-15-discount-in-4-steps\/\",\"name\":\"Como Aplicar el 15% de descuento en 4 pasos - Pura Van Costa Rica\",\"isPartOf\":{\"@id\":\"https:\/\/puravan.com\/#website\"},\"datePublished\":\"2023-08-18T15:55:19+00:00\",\"dateModified\":\"2023-08-18T16:14:36+00:00\",\"breadcrumb\":{\"@id\":\"https:\/\/puravan.com\/how-to-apply-the-15-discount-in-4-steps\/#breadcrumb\"},\"inLanguage\":\"es\",\"potentialAction\":[{\"@type\":\"ReadAction\",\"target\":[\"https:\/\/puravan.com\/how-to-apply-the-15-discount-in-4-steps\/\"]}]},{\"@type\":\"BreadcrumbList\",\"@id\":\"https:\/\/puravan.com\/how-to-apply-the-15-discount-in-4-steps\/#breadcrumb\",\"itemListElement\":[{\"@type\":\"ListItem\",\"position\":1,\"name\":\"Home\",\"item\":\"https:\/\/puravan.com\/es\/\"},{\"@type\":\"ListItem\",\"position\":2,\"name\":\"Como Aplicar el 15% de descuento en 4 pasos\"}]},{\"@type\":\"WebSite\",\"@id\":\"https:\/\/puravan.com\/#website\",\"url\":\"https:\/\/puravan.com\/\",\"name\":\"Pura Van Costa Rica\",\"description\":\"Drive Your Adventure\",\"publisher\":{\"@id\":\"https:\/\/puravan.com\/#organization\"},\"potentialAction\":[{\"@type\":\"SearchAction\",\"target\":{\"@type\":\"EntryPoint\",\"urlTemplate\":\"https:\/\/puravan.com\/?s={search_term_string}\"},\"query-input\":{\"@type\":\"PropertyValueSpecification\",\"valueRequired\":true,\"valueName\":\"search_term_string\"}}],\"inLanguage\":\"es\"},{\"@type\":\"Organization\",\"@id\":\"https:\/\/puravan.com\/#organization\",\"name\":\"Pura Van Costa Rica\",\"url\":\"https:\/\/puravan.com\/\",\"logo\":{\"@type\":\"ImageObject\",\"inLanguage\":\"es\",\"@id\":\"https:\/\/puravan.com\/#\/schema\/logo\/image\/\",\"url\":\"https:\/\/puravan.com\/wp-content\/uploads\/2017\/12\/Asset-1.png\",\"contentUrl\":\"https:\/\/puravan.com\/wp-content\/uploads\/2017\/12\/Asset-1.png\",\"width\":1082,\"height\":606,\"caption\":\"Pura Van Costa Rica\"},\"image\":{\"@id\":\"https:\/\/puravan.com\/#\/schema\/logo\/image\/\"},\"sameAs\":[\"https:\/\/www.facebook.com\/puravancr\/\",\"https:\/\/www.instagram.com\/puravancr\"]}]}<\/script>\n<!-- \/ Yoast SEO plugin. -->","yoast_head_json":{"title":"Como Aplicar el 15% de descuento en 4 pasos - Pura Van Costa Rica","robots":{"index":"index","follow":"follow","max-snippet":"max-snippet:-1","max-image-preview":"max-image-preview:large","max-video-preview":"max-video-preview:-1"},"canonical":"https:\/\/puravan.com\/how-to-apply-the-15-discount-in-4-steps\/","og_locale":"es_ES","og_type":"article","og_title":"Como Aplicar el 15% de descuento en 4 pasos - Pura Van Costa Rica","og_description":"[vc_row type=\u00bbfull_width_background\u00bb full_screen_row_position=\u00bbmiddle\u00bb bg_image=\u00bb16263&#8243; bg_position=\u00bbcenter center\u00bb bg_repeat=\u00bbno-repeat\u00bb bg_color=\u00bb#ffffff\u00bb scene_position=\u00bbtop\u00bb text_color=\u00bblight\u00bb text_align=\u00bbcenter\u00bb top_padding=\u00bb200&#8243; bottom_padding=\u00bb200&#8243; enable_gradient=\u00bbtrue\u00bb color_overlay=\u00bb#7fb036&#8243; color_overlay_2=\u00bb#ace246&#8243; gradient_direction=\u00bbtop_to_bottom\u00bb overlay_strength=\u00bb0.8&#8243; enable_shape_divider=\u00bbtrue\u00bb shape_divider_color=\u00bb#f9f9f9&#8243; shape_divider_position=\u00bbbottom\u00bb shape_divider_height=\u00bb65&#8243; shape_divider_bring_to_front=\u00bbtrue\u00bb shape_type=\u00bbcurve_opacity\u00bb][vc_column enable_animation=\u00bbtrue\u00bb animation=\u00bbnone\u00bb centered_text=\u00bbtrue\u00bb column_padding=\u00bbno-extra-padding\u00bb column_padding_position=\u00bball\u00bb background_color_opacity=\u00bb1&#8243;...","og_url":"https:\/\/puravan.com\/how-to-apply-the-15-discount-in-4-steps\/","og_site_name":"Pura Van Costa Rica","article_publisher":"https:\/\/www.facebook.com\/puravancr\/","article_modified_time":"2023-08-18T16:14:36+00:00","twitter_card":"summary_large_image","twitter_misc":{"Tiempo de lectura":"2 minutos"},"schema":{"@context":"https:\/\/schema.org","@graph":[{"@type":"WebPage","@id":"https:\/\/puravan.com\/how-to-apply-the-15-discount-in-4-steps\/","url":"https:\/\/puravan.com\/how-to-apply-the-15-discount-in-4-steps\/","name":"Como Aplicar el 15% de descuento en 4 pasos - Pura Van Costa Rica","isPartOf":{"@id":"https:\/\/puravan.com\/#website"},"datePublished":"2023-08-18T15:55:19+00:00","dateModified":"2023-08-18T16:14:36+00:00","breadcrumb":{"@id":"https:\/\/puravan.com\/how-to-apply-the-15-discount-in-4-steps\/#breadcrumb"},"inLanguage":"es","potentialAction":[{"@type":"ReadAction","target":["https:\/\/puravan.com\/how-to-apply-the-15-discount-in-4-steps\/"]}]},{"@type":"BreadcrumbList","@id":"https:\/\/puravan.com\/how-to-apply-the-15-discount-in-4-steps\/#breadcrumb","itemListElement":[{"@type":"ListItem","position":1,"name":"Home","item":"https:\/\/puravan.com\/es\/"},{"@type":"ListItem","position":2,"name":"Como Aplicar el 15% de descuento en 4 pasos"}]},{"@type":"WebSite","@id":"https:\/\/puravan.com\/#website","url":"https:\/\/puravan.com\/","name":"Pura Van Costa Rica","description":"Drive Your Adventure","publisher":{"@id":"https:\/\/puravan.com\/#organization"},"potentialAction":[{"@type":"SearchAction","target":{"@type":"EntryPoint","urlTemplate":"https:\/\/puravan.com\/?s={search_term_string}"},"query-input":{"@type":"PropertyValueSpecification","valueRequired":true,"valueName":"search_term_string"}}],"inLanguage":"es"},{"@type":"Organization","@id":"https:\/\/puravan.com\/#organization","name":"Pura Van Costa Rica","url":"https:\/\/puravan.com\/","logo":{"@type":"ImageObject","inLanguage":"es","@id":"https:\/\/puravan.com\/#\/schema\/logo\/image\/","url":"https:\/\/puravan.com\/wp-content\/uploads\/2017\/12\/Asset-1.png","contentUrl":"https:\/\/puravan.com\/wp-content\/uploads\/2017\/12\/Asset-1.png","width":1082,"height":606,"caption":"Pura Van Costa Rica"},"image":{"@id":"https:\/\/puravan.com\/#\/schema\/logo\/image\/"},"sameAs":["https:\/\/www.facebook.com\/puravancr\/","https:\/\/www.instagram.com\/puravancr"]}]}},"_links":{"self":[{"href":"https:\/\/puravan.com\/es\/wp-json\/wp\/v2\/pages\/34191","targetHints":{"allow":["GET"]}}],"collection":[{"href":"https:\/\/puravan.com\/es\/wp-json\/wp\/v2\/pages"}],"about":[{"href":"https:\/\/puravan.com\/es\/wp-json\/wp\/v2\/types\/page"}],"author":[{"embeddable":true,"href":"https:\/\/puravan.com\/es\/wp-json\/wp\/v2\/users\/63"}],"replies":[{"embeddable":true,"href":"https:\/\/puravan.com\/es\/wp-json\/wp\/v2\/comments?post=34191"}],"version-history":[{"count":2,"href":"https:\/\/puravan.com\/es\/wp-json\/wp\/v2\/pages\/34191\/revisions"}],"predecessor-version":[{"id":34201,"href":"https:\/\/puravan.com\/es\/wp-json\/wp\/v2\/pages\/34191\/revisions\/34201"}],"wp:attachment":[{"href":"https:\/\/puravan.com\/es\/wp-json\/wp\/v2\/media?parent=34191"}],"curies":[{"name":"wp","href":"https:\/\/api.w.org\/{rel}","templated":true}]}}